{"id":2131,"date":"2019-09-06T12:13:09","date_gmt":"2019-09-06T12:13:09","guid":{"rendered":"http:\/\/www.asnonwovens.com.tr\/?page_id=2131"},"modified":"2019-09-30T08:56:27","modified_gmt":"2019-09-30T08:56:27","slug":"tar","status":"publish","type":"page","link":"https:\/\/www.asnonwovens.com.tr\/?page_id=2131&lang=tr","title":{"rendered":"Tarih\u00e7e"},"content":{"rendered":"<div class=\"wpb-content-wrapper\"><p>[vc_row css=&#8221;.vc_custom_1489991570318{margin-top: -30px !important;margin-bottom: 30px !important;}&#8221;][vc_column][vc_custom_heading text=&#8221;Tarih\u00e7e&#8221; font_container=&#8221;tag:h3|text_align:left&#8221; use_theme_fonts=&#8221;yes&#8221;][\/vc_column][\/vc_row][vc_row][vc_column][vc_column_text css=&#8221;.vc_custom_1569833783762{margin-bottom: 30px !important;}&#8221;]AKINAL SENTET\u0130K TEKST\u0130L SAN. Ve TIC. A.\u015e. (ASNONWOVENS) 1999 y\u0131l\u0131nda kurulmu\u015f olup, AKINAL ailesinin ikinci b\u00fcy\u00fck yat\u0131r\u0131m\u0131d\u0131r. Birincisi \u201cOpak Ayakkab\u0131 End. &amp; Tic. A.S. \u201d T\u00fcrkiye&#8217;de ayakkab\u0131 sekt\u00f6r\u00fcnde lider firmalardan biridir. \u00a0Ak\u0131nal Sentetik, 1000\u2019den fazla \u00e7al\u0131\u015fan\u0131 ile t\u00fcm merkez ve \u00fcretim tesisleri Gaziantep \u2013 T\u00fcrkiye\u2019de olmak \u00fczere 200.000 m2 kapal\u0131 alan ve 450.000 m2 arazi \u00fczerinde faaliyet g\u00f6stermektedir.<\/p>\n<p>T\u00fcrkiye\u2019nin ilk Spunlace Dokumas\u0131z Kuma\u015f (Nonwoven) \u00fcreticisi olmaktan gurur duyuyoruz.<\/p>\n<p>Esnekli\u011fi ve yenilik\u00e7i \u00fcr\u00fcnleri ile pazar\u0131n s\u00fcrekli artan gereksinimlerine cevap verme yetene\u011fi ve haz\u0131r olmas\u0131ndan dolay\u0131, \u201casnonwovens\u201d rakiplerinden ve b\u00fcy\u00fcme oranlar\u0131ndan, \u00e7ok k\u0131sa bir s\u00fcrede ortalaman\u0131n \u00fcst\u00fcnde bir liderlik konumuna ula\u015fm\u0131\u015ft\u0131r.<\/p>\n<p>Ak\u0131nal Sentetik, \u201cnonwoven for life\u201d slogan\u0131yla, hem hijyen hem de teknik tekstil alanlar\u0131nda farkl\u0131 \u00fcretim teknolojilerine yap\u0131lan yat\u0131r\u0131mlarla y\u0131lda 135.000 tondan fazla \u00fcretim kapasitesine ula\u015farak d\u00fcnyan\u0131n en b\u00fcy\u00fck nonwoven \u00fcreticileri aras\u0131nda yerini alm\u0131\u015ft\u0131r.<\/p>\n<p>Gaziantep \/ T\u00fcrkiye&#8217;de bulunan mevcut tesislerin yan\u0131 s\u0131ra, Tallin, Estonya&#8217;da mevcut 11.000 m\u00b2 kapal\u0131 alan ile 24.000 m2 arazi \u00fczerinde 2017 sonunda yeni tesis yat\u0131r\u0131m\u0131 devreye al\u0131nm\u0131\u015ft\u0131r. Bu tesis, 18.000 tondan fazla y\u0131ll\u0131k kapasitesi ile bebek bezi, ki\u015fisel bak\u0131m, medikal, \u0131slak ve kuru mendil sekt\u00f6rleri i\u00e7in spunlace nonwoven \u00fcr\u00fcnleri \u00fcretmektedir. T\u00fcrkiye&#8217;de sekt\u00f6r lideri olman\u0131n yan\u0131 s\u0131ra 5 farkl\u0131 k\u0131tada 50&#8217;den fazla \u00fclkeye ihracat yapman\u0131n gururunu ta\u015f\u0131yoruz.<\/p>\n<p>Toplam Kalite Y\u00f6netimi felsefesini benimseyen Ak\u0131nal Sentetik, Genel M\u00fcd\u00fcr\u2019den t\u00fcm \u00e7al\u0131\u015fanlar\u0131na kadar sorumluluklar\u0131n\u0131n bilincindeyiz.[\/vc_column_text][\/vc_column][\/vc_row]<\/p>\n<\/div>","protected":false},"excerpt":{"rendered":"<p>[vc_row css=&#8221;.vc_custom_1489991570318{margin-top: -30px !important;margin-bottom: 30px !important;}&#8221;][vc_column][vc_custom_heading text=&#8221;Tarih\u00e7e&#8221; font_container=&#8221;tag:h3|text_align:left&#8221; use_theme_fonts=&#8221;yes&#8221;][\/vc_column][\/vc_row][vc_row][vc_column][vc_column_text css=&#8221;.vc_custom_1569833783762{margin-bottom: 30px !important;}&#8221;]AKINAL SENTET\u0130K TEKST\u0130L SAN. Ve TIC. A.\u015e. (ASNONWOVENS) 1999 y\u0131l\u0131nda kurulmu\u015f olup, AKINAL ailesinin ikinci b\u00fcy\u00fck yat\u0131r\u0131m\u0131d\u0131r. Birincisi \u201cOpak Ayakkab\u0131 End. &amp;&#8230;<\/p>\n","protected":false},"author":1,"featured_media":0,"parent":0,"menu_order":0,"comment_status":"closed","ping_status":"closed","template":"","meta":{"footnotes":""},"_links":{"self":[{"href":"https:\/\/www.asnonwovens.com.tr\/index.php?rest_route=\/wp\/v2\/pages\/2131"}],"collection":[{"href":"https:\/\/www.asnonwovens.com.tr\/index.php?rest_route=\/wp\/v2\/pages"}],"about":[{"href":"https:\/\/www.asnonwovens.com.tr\/index.php?rest_route=\/wp\/v2\/types\/page"}],"author":[{"embeddable":true,"href":"https:\/\/www.asnonwovens.com.tr\/index.php?rest_route=\/wp\/v2\/users\/1"}],"replies":[{"embeddable":true,"href":"https:\/\/www.asnonwovens.com.tr\/index.php?rest_route=%2Fwp%2Fv2%2Fcomments&post=2131"}],"version-history":[{"count":8,"href":"https:\/\/www.asnonwovens.com.tr\/index.php?rest_route=\/wp\/v2\/pages\/2131\/revisions"}],"predecessor-version":[{"id":2182,"href":"https:\/\/www.asnonwovens.com.tr\/index.php?rest_route=\/wp\/v2\/pages\/2131\/revisions\/2182"}],"wp:attachment":[{"href":"https:\/\/www.asnonwovens.com.tr\/index.php?rest_route=%2Fwp%2Fv2%2Fmedia&parent=2131"}],"curies":[{"name":"wp","href":"https:\/\/api.w.org\/{rel}","templated":true}]}}