{"id":2121,"date":"2019-09-06T11:31:28","date_gmt":"2019-09-06T11:31:28","guid":{"rendered":"http:\/\/www.asnonwovens.com.tr\/?page_id=2121"},"modified":"2019-09-06T11:32:33","modified_gmt":"2019-09-06T11:32:33","slug":"yetiskin-bezi","status":"publish","type":"page","link":"https:\/\/www.asnonwovens.com.tr\/?page_id=2121&lang=tr","title":{"rendered":"Yeti\u015fkin Bezi"},"content":{"rendered":"<div class=\"wpb-content-wrapper\"><p>[vc_row][vc_column][vc_custom_heading text=&#8221;Yeti\u015fkin Bezi&#8221; font_container=&#8221;tag:h3|text_align:left&#8221; use_theme_fonts=&#8221;yes&#8221; css=&#8221;.vc_custom_1567769418776{margin-top: -30px !important;margin-bottom: 30px !important;}&#8221;][\/vc_column][\/vc_row][vc_row][vc_column width=&#8221;3\/4&#8243;][vc_column_text]Yeti\u015fkin bezler, yaln\u0131zca yeti\u015fkin bak\u0131m\u0131 alt\u0131ndaki ya\u015fl\u0131 ki\u015filer i\u00e7in de\u011fildir. Bunun d\u0131\u015f\u0131nda, diyabet, hamilelik, do\u011fum, menopoz ve prostat rahats\u0131zl\u0131klar\u0131 gibi sebepler milyonlarca insan aras\u0131nda kullan\u0131lmas\u0131na neden olan fakt\u00f6rlerden sadece birka\u00e7\u0131d\u0131r. Do\u011fru koruma y\u00f6ntemi insanlar, sevdikleri t\u00fcm aktiviteleri rahat\u00e7a yapmaya devam edebilirler.<\/p>\n<p>Bu ama\u00e7la, Airthrough Bonded teknolojisi ile geli\u015ftirilen ASNONWOVENS y\u00fcksek tavanl\u0131 \u00e7ok katmanl\u0131 ADL \u00fcr\u00fcnleri, yeti\u015fkin emici k\u0131s\u0131m performans\u0131n\u0131 artt\u0131rmak ve m\u00fckemmel bir yay\u0131l\u0131m sa\u011flamak \u00fczere tasarlanm\u0131\u015ft\u0131r.[\/vc_column_text][\/vc_column][vc_column width=&#8221;1\/4&#8243;][vc_single_image image=&#8221;1793&#8243; img_size=&#8221;full&#8221; style=&#8221;vc_box_shadow&#8221; onclick=&#8221;custom_link&#8221; link=&#8221;https:\/\/www.asnonwovens.com.tr\/?page_id=442&#8243;][\/vc_column][\/vc_row][vc_row css=&#8221;.vc_custom_1490879277469{margin-top: 30px !important;}&#8221;][vc_column][vc_message message_box_style=&#8221;solid&#8221; icon_fontawesome=&#8221;stm-support&#8221;]<span style=\"color: #000000;\"><a style=\"color: #000000;\" href=\"https:\/\/www.asnonwovens.com.tr\/?page_id=1583&amp;lang=tr\">\u00dcr\u00fcnlerimiz hakk\u0131nda detayl\u0131 bilgi almak i\u00e7in l\u00fctfen irtibata ge\u00e7iniz.<\/a><\/span>[\/vc_message][\/vc_column][\/vc_row]<\/p>\n<\/div>","protected":false},"excerpt":{"rendered":"<p>[vc_row][vc_column][vc_custom_heading text=&#8221;Yeti\u015fkin Bezi&#8221; font_container=&#8221;tag:h3|text_align:left&#8221; use_theme_fonts=&#8221;yes&#8221; css=&#8221;.vc_custom_1567769418776{margin-top: -30px !important;margin-bottom: 30px !important;}&#8221;][\/vc_column][\/vc_row][vc_row][vc_column width=&#8221;3\/4&#8243;][vc_column_text]Yeti\u015fkin bezler, yaln\u0131zca yeti\u015fkin bak\u0131m\u0131 alt\u0131ndaki ya\u015fl\u0131 ki\u015filer i\u00e7in de\u011fildir. Bunun d\u0131\u015f\u0131nda, diyabet, hamilelik, do\u011fum, menopoz ve prostat rahats\u0131zl\u0131klar\u0131 gibi sebepler milyonlarca insan&#8230;<\/p>\n","protected":false},"author":1,"featured_media":2053,"parent":0,"menu_order":0,"comment_status":"closed","ping_status":"closed","template":"","meta":{"footnotes":""},"_links":{"self":[{"href":"https:\/\/www.asnonwovens.com.tr\/index.php?rest_route=\/wp\/v2\/pages\/2121"}],"collection":[{"href":"https:\/\/www.asnonwovens.com.tr\/index.php?rest_route=\/wp\/v2\/pages"}],"about":[{"href":"https:\/\/www.asnonwovens.com.tr\/index.php?rest_route=\/wp\/v2\/types\/page"}],"author":[{"embeddable":true,"href":"https:\/\/www.asnonwovens.com.tr\/index.php?rest_route=\/wp\/v2\/users\/1"}],"replies":[{"embeddable":true,"href":"https:\/\/www.asnonwovens.com.tr\/index.php?rest_route=%2Fwp%2Fv2%2Fcomments&post=2121"}],"version-history":[{"count":2,"href":"https:\/\/www.asnonwovens.com.tr\/index.php?rest_route=\/wp\/v2\/pages\/2121\/revisions"}],"predecessor-version":[{"id":2123,"href":"https:\/\/www.asnonwovens.com.tr\/index.php?rest_route=\/wp\/v2\/pages\/2121\/revisions\/2123"}],"wp:featuredmedia":[{"embeddable":true,"href":"https:\/\/www.asnonwovens.com.tr\/index.php?rest_route=\/wp\/v2\/media\/2053"}],"wp:attachment":[{"href":"https:\/\/www.asnonwovens.com.tr\/index.php?rest_route=%2Fwp%2Fv2%2Fmedia&parent=2121"}],"curies":[{"name":"wp","href":"https:\/\/api.w.org\/{rel}","templated":true}]}}