{"id":2110,"date":"2019-09-06T10:58:53","date_gmt":"2019-09-06T10:58:53","guid":{"rendered":"http:\/\/www.asnonwovens.com.tr\/?page_id=2110"},"modified":"2021-07-06T08:42:11","modified_gmt":"2021-07-06T08:42:11","slug":"bebek-bezi","status":"publish","type":"page","link":"https:\/\/www.asnonwovens.com.tr\/?page_id=2110&lang=tr","title":{"rendered":"Bebek bezi"},"content":{"rendered":"<div class=\"wpb-content-wrapper\"><p>[vc_row][vc_column][vc_custom_heading text=&#8221;BEBEK BEZ\u0130&#8221; font_container=&#8221;tag:h3|text_align:left&#8221; use_theme_fonts=&#8221;yes&#8221; css=&#8221;.vc_custom_1567767496999{margin-top: -30px !important;margin-bottom: 30px !important;}&#8221;][\/vc_column][\/vc_row][vc_row][vc_column width=&#8221;3\/4&#8243;][vc_column_text]Bebek bezi, bebeklerin ve premat\u00fcre bebeklerin hayatta kalmas\u0131n\u0131 sa\u011flayan t\u0131p bilimindeki ilerlemelerin bir sonucu olarak yarat\u0131lm\u0131\u015f ve daha da \u00f6nemlisi, \u00f6zel ihtiya\u00e7lar\u0131n\u0131 kar\u015f\u0131lamak i\u00e7in \u00f6zel olarak tasarlanan \u00e7ok daha k\u00fc\u00e7\u00fck bebek bezlerine ihtiya\u00e7 duymaktad\u0131r.<\/p>\n<p>T\u0131p d\u00fcnyas\u0131ndaki h\u0131zl\u0131 ilerlemeler sonucu, premat\u00fcre ve bebeklerin hayatta kalmas\u0131 bebek bezine verilen \u00f6nemi artt\u0131rm\u0131\u015f ve \u00f6zel olarak tasarlanan \u00e7ok daha k\u00fc\u00e7\u00fck bebek bezlerine ihtiya\u00e7 duymu\u015ftur.<\/p>\n<p>Bu geli\u015fmeler, tek kullan\u0131ml\u0131k bebekbezi segmentini, hijyen end\u00fcstrisinin en h\u0131zl\u0131 b\u00fcy\u00fcyen segmenti olarak belirlemi\u015f olupbunu geli\u015ftirilmi\u015f hammaddenin art\u0131\u015f\u0131na ve \u00a0kullan\u0131m kolayl\u0131\u011f\u0131na bor\u00e7ludur.<\/p>\n<p>Bu sayede, Airthrough Bonded teknolojisi ile geli\u015ftirilen ASNONWOVENS y\u00fcksek tavanl\u0131 \u00e7ok katmanl\u0131 ADL \u00fcr\u00fcnleri, bebek bezlerinin emici k\u0131s\u0131m performans\u0131n\u0131 artt\u0131rmak ve m\u00fckemmel yay\u0131l\u0131m sa\u011flamak i\u00e7in \u00f6zel olarak tasarlanm\u0131\u015ft\u0131r. .<\/p>\n<p>ASNONWOVENS \u00e7ok katmanl\u0131 ADL \u00fcr\u00fcnler, bebe\u011fin rahat ve derin bir uyku ge\u00e7irmesi, hassas cildinin temiz ve sa\u011fl\u0131kl\u0131 oldu\u011fundan emin olmak i\u00e7in % 100 test edilmektedir.<\/p>\n<p>Low fluff \u00e7ocuk bezlerine \u00e7e\u015fitli \u00f6zellikler katmak amac\u0131yla, s\u0131cak hava ile birle\u015ftirme i\u015flemi sayesinde ultra yumu\u015fak \u00fc\u00e7 boyutlu ve kabartmal\u0131 Topsheet \u00fcretilmektedir.[\/vc_column_text][\/vc_column][vc_column width=&#8221;1\/4&#8243;][vc_single_image image=&#8221;1747&#8243; img_size=&#8221;full&#8221; style=&#8221;vc_box_shadow&#8221; onclick=&#8221;custom_link&#8221; link=&#8221;https:\/\/www.asnonwovens.com.tr\/?page_id=442&#8243;][vc_single_image image=&#8221;1748&#8243; img_size=&#8221;full&#8221; style=&#8221;vc_box_shadow&#8221; onclick=&#8221;custom_link&#8221; link=&#8221;https:\/\/www.asnonwovens.com.tr\/?page_id=442&#8243;][\/vc_column][\/vc_row][vc_row css=&#8221;.vc_custom_1490879277469{margin-top: 30px !important;}&#8221;][vc_column][vc_message message_box_style=&#8221;solid&#8221; icon_fontawesome=&#8221;stm-support&#8221;]<span style=\"color: #000000;\"><a style=\"color: #000000;\" href=\"https:\/\/www.asnonwovens.com.tr\/?page_id=1583&amp;lang=tr\">\u00dcr\u00fcnlerimiz hakk\u0131nda detayl\u0131 bilgi almak i\u00e7in l\u00fctfen irtibata ge\u00e7iniz.<\/a><\/span>[\/vc_message][\/vc_column][\/vc_row]<\/p>\n<\/div>","protected":false},"excerpt":{"rendered":"<p>[vc_row][vc_column][vc_custom_heading text=&#8221;BEBEK BEZ\u0130&#8221; font_container=&#8221;tag:h3|text_align:left&#8221; use_theme_fonts=&#8221;yes&#8221; css=&#8221;.vc_custom_1567767496999{margin-top: -30px !important;margin-bottom: 30px !important;}&#8221;][\/vc_column][\/vc_row][vc_row][vc_column width=&#8221;3\/4&#8243;][vc_column_text]Bebek bezi, bebeklerin ve premat\u00fcre bebeklerin hayatta kalmas\u0131n\u0131 sa\u011flayan t\u0131p bilimindeki ilerlemelerin bir sonucu olarak yarat\u0131lm\u0131\u015f ve daha da \u00f6nemlisi, \u00f6zel ihtiya\u00e7lar\u0131n\u0131 kar\u015f\u0131lamak&#8230;<\/p>\n","protected":false},"author":1,"featured_media":0,"parent":0,"menu_order":0,"comment_status":"closed","ping_status":"closed","template":"","meta":{"footnotes":""},"_links":{"self":[{"href":"https:\/\/www.asnonwovens.com.tr\/index.php?rest_route=\/wp\/v2\/pages\/2110"}],"collection":[{"href":"https:\/\/www.asnonwovens.com.tr\/index.php?rest_route=\/wp\/v2\/pages"}],"about":[{"href":"https:\/\/www.asnonwovens.com.tr\/index.php?rest_route=\/wp\/v2\/types\/page"}],"author":[{"embeddable":true,"href":"https:\/\/www.asnonwovens.com.tr\/index.php?rest_route=\/wp\/v2\/users\/1"}],"replies":[{"embeddable":true,"href":"https:\/\/www.asnonwovens.com.tr\/index.php?rest_route=%2Fwp%2Fv2%2Fcomments&post=2110"}],"version-history":[{"count":3,"href":"https:\/\/www.asnonwovens.com.tr\/index.php?rest_route=\/wp\/v2\/pages\/2110\/revisions"}],"predecessor-version":[{"id":2259,"href":"https:\/\/www.asnonwovens.com.tr\/index.php?rest_route=\/wp\/v2\/pages\/2110\/revisions\/2259"}],"wp:attachment":[{"href":"https:\/\/www.asnonwovens.com.tr\/index.php?rest_route=%2Fwp%2Fv2%2Fmedia&parent=2110"}],"curies":[{"name":"wp","href":"https:\/\/api.w.org\/{rel}","templated":true}]}}