{"id":1619,"date":"2017-03-20T11:22:31","date_gmt":"2017-03-20T11:22:31","guid":{"rendered":"http:\/\/www.asnonwovens.com.tr?page_id=1619"},"modified":"2019-09-02T09:27:45","modified_gmt":"2019-09-02T09:27:45","slug":"kalite","status":"publish","type":"page","link":"https:\/\/www.asnonwovens.com.tr\/?page_id=1619&lang=tr","title":{"rendered":"Kalite"},"content":{"rendered":"<div class=\"wpb-content-wrapper\"><p>[vc_row css=&#8221;.vc_custom_1489822643930{margin-top: -30px !important;}&#8221;][vc_column width=&#8221;1\/4&#8243;][stm_counter counter_value=&#8221;16&#8243; drawing=&#8221;yes&#8221; title=&#8221;Farkl\u0131 Noktadan Online Kamera Kontrol&#8221; drawing_icon=&#8221;stm-projects-done&#8221;][\/vc_column][vc_column width=&#8221;1\/4&#8243;][stm_counter counter_value=&#8221;1&#8243; title=&#8221;Mikrobiyoloji Laboratuvar\u0131&#8221; icon=&#8221;icomoon-icons8&#8243;][\/vc_column][vc_column width=&#8221;1\/4&#8243;][stm_counter counter_value=&#8221;7&#8243; title=&#8221;kalite Kontrol Laboratuvar\u0131&#8221; icon=&#8221;icomoon-kalite-image&#8221;][\/vc_column][vc_column width=&#8221;1\/4&#8243;][stm_counter counter_value=&#8221;50&#8243; drawing=&#8221;yes&#8221; title=&#8221;Kalite Personeli&#8221; drawing_icon=&#8221;stm-people-in-team&#8221;][\/vc_column][\/vc_row][vc_row][vc_column][vc_custom_heading text=&#8221;KAL\u0130TE&#8221; font_container=&#8221;tag:h3|text_align:left&#8221; use_theme_fonts=&#8221;yes&#8221;][\/vc_column][\/vc_row][vc_row css=&#8221;.vc_custom_1489822657810{margin-top: 30px !important;}&#8221;][vc_column width=&#8221;4\/6&#8243;][vc_column_text]Y\u00fcksek kaliteli \u00fcr\u00fcnlerin \u00fcretilmesi hedefine ula\u015fmak i\u00e7in, \u201cKalite \u00fcretimden \u00f6nce ba\u015flar\u201d felsefesini benimseyen AKINAL, daima pazar e\u011filimlerini takip etmekte ve \u00e7al\u0131\u015fanlar\u0131n\u0131n s\u00fcrekli ki\u015fisel geli\u015fmeleri i\u00e7in \u00e7al\u0131\u015fanlar\u0131na yat\u0131r\u0131m yapmaktad\u0131r. Ama\u00e7lar\u0131n s\u00fcrd\u00fcr\u00fclebilmesii\u00e7in 1 mikrobiyolojik ve 7 \u00f6l\u00e7\u00fcm laboratuvar\u0131 kuruldu.<\/p>\n<p>ISO 9001: 2008&#8217;de belirtilen prensiplere dayal\u0131 bir Kalite Y\u00f6netim Sistemi ile \u00e7al\u0131\u015f\u0131yoruz. Bu da \u00fcr\u00fcnlerimizin ve kalite sistemimizin m\u00fc\u015fterilerinin ihtiya\u00e7lar\u0131n\u0131 uluslararas\u0131 standartlarda tam olarak kar\u015f\u0131layabilece\u011fini garanti etmektedir. Bilgi G\u00fcvenli\u011finin sa\u011flanmas\u0131 i\u00e7in ISO 27001 standartlar\u0131n\u0131n gereklerini yerine getirmeye b\u00fcy\u00fck \u00f6nem veriyoruz.<\/p>\n<p>Y\u00fcksek teknolojik ekipmanlar\u0131m\u0131z\u0131n yard\u0131m\u0131yla EDANA ve INDA standartlar\u0131na uygun olarakher jumbo ve rulo i\u00e7in farkl\u0131 testler ger\u00e7ekle\u015ftiriyoruz. T\u00fcm hatlar\u0131m\u0131zdaki anl\u0131k kontrol ve \u00f6l\u00e7\u00fcm cihazlar\u0131m\u0131z sayesinde \u00fcretim verilerini takip ediyor ve kaydediyoruz. Hijyen end\u00fcstrisi i\u00e7in \u00fcretilen t\u00fcm \u00fcr\u00fcnler AKINAL SENTET\u0130K mikrobiyolojik testlerden ge\u00e7mektedir.[\/vc_column_text][vc_custom_heading text=&#8221;HEDEF\u0130M\u0130Z&#8221; font_container=&#8221;tag:h3|text_align:left&#8221; use_theme_fonts=&#8221;yes&#8221;][vc_column_text]<\/p>\n<ul>\n<li>M\u00fc\u015fteri beklentilerini Kalite ve Hizmet a\u00e7\u0131s\u0131ndan kar\u015f\u0131lamak,<\/li>\n<li>Performans, kalite ve hizmet ile ilgili s\u00fcrekli geli\u015fim sa\u011flamak,<\/li>\n<li>\u00d6nleyici faaliyetlerde bulunmak ve herhangi bir problem durumunda ihtiyaca an\u0131nda cevap vermek,<\/li>\n<li>\u00dcretim s\u00fcre\u00e7lerinin verimlili\u011fini artt\u0131rmak,<\/li>\n<li>\u00dcretim ve analiz s\u00fcre\u00e7lerindeki bilgi birikimimizi (know-how) kullanarak \u00fcr\u00fcn \u00e7e\u015fitlili\u011fini artt\u0131rmak,Piyasa trendlerini takip etmek ve piyasa ihtiya\u00e7lar\u0131na g\u00f6re yeni teknolojilere yat\u0131r\u0131m yapmak.<\/li>\n<li>\u00dcr\u00fcn kalitesini s\u00fcrekli iyile\u015ftirmek,<\/li>\n<li>D\u00fczg\u00fcn ve kesintisiz \u00fcretimi sa\u011flamak i\u00e7in hammadde, yard\u0131mc\u0131 malzeme ve \u00fcretim s\u00fcre\u00e7lerindeki kusurlar\u0131 veya varyasyonlar\u0131 ke\u015ffetmek ve \u00e7\u00f6zmek,<\/li>\n<li>M\u00fc\u015fteri \u015fikayetlerini en aza indirmek<\/li>\n<\/ul>\n<p>[\/vc_column_text][\/vc_column][vc_column width=&#8221;2\/6&#8243;][vc_gallery type=&#8221;image_grid&#8221; images=&#8221;1517,1522,1523&#8243; img_size=&#8221;medium&#8221; onclick=&#8221;custom_link&#8221; css_animation=&#8221;none&#8221; css=&#8221;.vc_custom_1489831608762{margin-top: -30px !important;}&#8221; custom_links=&#8221;#E-8_aHR0cCUzQSUyRiUyRnd3dy5hc25vbndvdmVucy5jb20udHIlMkYlM0ZwYWdlX2lkJTNENDQy&#8221;][\/vc_column][\/vc_row][vc_row css=&#8221;.vc_custom_1489831512631{margin-top: 30px !important;}&#8221;][vc_column][stm_sidebar sidebar=&#8221;1622&#8243;][\/vc_column][\/vc_row]<\/p>\n<\/div>","protected":false},"excerpt":{"rendered":"<p>[vc_row css=&#8221;.vc_custom_1489822643930{margin-top: -30px !important;}&#8221;][vc_column width=&#8221;1\/4&#8243;][stm_counter counter_value=&#8221;16&#8243; drawing=&#8221;yes&#8221; title=&#8221;Farkl\u0131 Noktadan Online Kamera Kontrol&#8221; drawing_icon=&#8221;stm-projects-done&#8221;][\/vc_column][vc_column width=&#8221;1\/4&#8243;][stm_counter counter_value=&#8221;1&#8243; title=&#8221;Mikrobiyoloji Laboratuvar\u0131&#8221; icon=&#8221;icomoon-icons8&#8243;][\/vc_column][vc_column width=&#8221;1\/4&#8243;][stm_counter counter_value=&#8221;7&#8243; title=&#8221;kalite Kontrol Laboratuvar\u0131&#8221; icon=&#8221;icomoon-kalite-image&#8221;][\/vc_column][vc_column width=&#8221;1\/4&#8243;][stm_counter counter_value=&#8221;50&#8243; drawing=&#8221;yes&#8221; title=&#8221;Kalite Personeli&#8221; drawing_icon=&#8221;stm-people-in-team&#8221;][\/vc_column][\/vc_row][vc_row][vc_column][vc_custom_heading text=&#8221;KAL\u0130TE&#8221; font_container=&#8221;tag:h3|text_align:left&#8221; use_theme_fonts=&#8221;yes&#8221;][\/vc_column][\/vc_row][vc_row&#8230;<\/p>\n","protected":false},"author":1,"featured_media":0,"parent":0,"menu_order":0,"comment_status":"closed","ping_status":"closed","template":"","meta":{"footnotes":""},"_links":{"self":[{"href":"https:\/\/www.asnonwovens.com.tr\/index.php?rest_route=\/wp\/v2\/pages\/1619"}],"collection":[{"href":"https:\/\/www.asnonwovens.com.tr\/index.php?rest_route=\/wp\/v2\/pages"}],"about":[{"href":"https:\/\/www.asnonwovens.com.tr\/index.php?rest_route=\/wp\/v2\/types\/page"}],"author":[{"embeddable":true,"href":"https:\/\/www.asnonwovens.com.tr\/index.php?rest_route=\/wp\/v2\/users\/1"}],"replies":[{"embeddable":true,"href":"https:\/\/www.asnonwovens.com.tr\/index.php?rest_route=%2Fwp%2Fv2%2Fcomments&post=1619"}],"version-history":[{"count":4,"href":"https:\/\/www.asnonwovens.com.tr\/index.php?rest_route=\/wp\/v2\/pages\/1619\/revisions"}],"predecessor-version":[{"id":1887,"href":"https:\/\/www.asnonwovens.com.tr\/index.php?rest_route=\/wp\/v2\/pages\/1619\/revisions\/1887"}],"wp:attachment":[{"href":"https:\/\/www.asnonwovens.com.tr\/index.php?rest_route=%2Fwp%2Fv2%2Fmedia&parent=1619"}],"curies":[{"name":"wp","href":"https:\/\/api.w.org\/{rel}","templated":true}]}}