{"id":1575,"date":"2017-03-20T10:33:08","date_gmt":"2017-03-20T10:33:08","guid":{"rendered":"http:\/\/www.asnonwovens.com.tr?page_id=1575"},"modified":"2022-10-11T17:07:27","modified_gmt":"2022-10-11T14:07:27","slug":"ana-sayfa","status":"publish","type":"page","link":"https:\/\/www.asnonwovens.com.tr\/?page_id=1575&lang=tr","title":{"rendered":"Ana Sayfa"},"content":{"rendered":"<div class=\"wpb-content-wrapper\"><p>[vc_row full_width=&#8221;stretch_row_content_no_spaces&#8221; css=&#8221;.vc_custom_1665497085131{margin-bottom: 0px !important;}&#8221;][vc_column css_animation=&#8221;fadeIn&#8221; css=&#8221;.vc_custom_1665496960235{background-position: 0 0 !important;background-repeat: repeat !important;}&#8221;][rev_slider_vc alias=&#8221;main_slider&#8221;][\/vc_column][\/vc_row][vc_row full_width=&#8221;stretch_row&#8221; el_class=&#8221;base_bg_color no_overflow_hidden&#8221; css=&#8221;.vc_custom_1448432556856{margin-bottom: 80px !important;}&#8221;][vc_column width=&#8221;1\/4&#8243; offset=&#8221;vc_hidden-xs&#8221;][stm_rev_slider_nav title=&#8221;Islak ve Kuru Mendil&#8221; icon=&#8221;icomoon-wet&#8221; slide_number=&#8221;1&#8243;][\/vc_column][vc_column width=&#8221;1\/4&#8243; offset=&#8221;vc_hidden-xs&#8221;][stm_rev_slider_nav title=&#8221;BioFlush&#8221; icon=&#8221;icomoon-bio&#8221; slide_number=&#8221;2&#8243;][\/vc_column][vc_column width=&#8221;1\/4&#8243; offset=&#8221;vc_hidden-xs&#8221;][stm_rev_slider_nav title=&#8221;Hijyen&#8221; icon=&#8221;icomoon-family&#8221; slide_number=&#8221;3&#8243;][\/vc_column][vc_column width=&#8221;1\/4&#8243; offset=&#8221;vc_hidden-xs&#8221;][stm_rev_slider_nav title=&#8221;Teknik Tekstil&#8221; icon=&#8221;icomoon-18627&#8243; slide_number=&#8221;4&#8243;][\/vc_column][\/vc_row][vc_row css=&#8221;.vc_custom_1450264294682{margin-bottom: 80px !important;}&#8221;][vc_column offset=&#8221;vc_col-lg-6 vc_col-md-6&#8243;][vc_column_text]<\/p>\n<h2><span style=\"font-weight: 300;\">HAKKIMIZDA<\/span><\/h2>\n<p>AKINAL SENTET\u0130K TEKST\u0130L SAN. Ve TIC. A.\u015e. (ASNONWOVENS) 1999 y\u0131l\u0131nda kurulmu\u015f olup, AKINAL ailesinin ikinci b\u00fcy\u00fck yat\u0131r\u0131m\u0131d\u0131r. Birincisi \u201cOpak Ayakkab\u0131 End. &amp; Tic. A.S. \u201d T\u00fcrkiye&#8217;de ayakkab\u0131 sekt\u00f6r\u00fcnde lider firmalardan biridir. \u00a0Ak\u0131nal Sentetik, 1000\u2019den fazla \u00e7al\u0131\u015fan\u0131 ile t\u00fcm merkez ve \u00fcretim tesisleri Gaziantep \u2013 T\u00fcrkiye\u2019de olmak \u00fczere 200.000 m2 kapal\u0131 alan ve 450.000 m2 arazi \u00fczerinde faaliyet g\u00f6stermektedir.[\/vc_column_text][vc_btn title=&#8221;Devam\u0131n\u0131 Oku&#8221; style=&#8221;outline&#8221; shape=&#8221;round&#8221; color=&#8221;theme_style_1&#8243; size=&#8221;sm&#8221; i_align=&#8221;right&#8221; i_icon_fontawesome=&#8221;stm-arrow-next&#8221; add_icon=&#8221;true&#8221; custom_onclick=&#8221;true&#8221; link=&#8221;url:http%3A%2F%2Fwww.asnonwovens.com.tr%2F%3Fpage_id%3D2131%26lang%3Dtr|||&#8221;][\/vc_column][vc_column offset=&#8221;vc_col-lg-6 vc_col-md-6&#8243;][stm_video_popup image=&#8221;1367&#8243; video=&#8221;https:\/\/player.vimeo.com\/video\/211084551?autoplay=1&#8243;][\/vc_column][\/vc_row][vc_row full_width=&#8221;stretch_row&#8221; css=&#8221;.vc_custom_1450269319951{margin-bottom: 0px !important;padding-top: 80px !important;padding-bottom: 80px !important;}&#8221; el_class=&#8221;base_bg_color&#8221;][vc_column][stm_services posts_per_page=&#8221;12&#8243; autoplay=&#8221;yes&#8221; hide_pagination_control=&#8221;yes&#8221; items_tablet=&#8221;3&#8243; items_normal=&#8221;&#8221; items_small=&#8221;&#8221;]<\/p>\n<h2><span style=\"color: #ffffff; font-weight: 300;\">NONWOVENS FOR LIFE<\/span><\/h2>\n<p>[\/stm_services][\/vc_column][\/vc_row][vc_row full_width=&#8221;stretch_row&#8221; css=&#8221;.vc_custom_1450270522171{margin-bottom: 0px !important;padding-top: 40px !important;padding-bottom: 14px !important;}&#8221; el_class=&#8221;secondary_bg_color&#8221;][vc_column width=&#8221;1\/2&#8243; offset=&#8221;vc_col-lg-3 vc_col-md-3&#8243; css=&#8221;.vc_custom_1449142338264{margin-bottom: 30px !important;}&#8221;][stm_counter counter_value=&#8221;140000&#8243; counter_value_suf=&#8221;t&#8221; drawing=&#8221;yes&#8221; icon_width=&#8221;70&#8243; icon_width_svg=&#8221;&#8221; icon_size=&#8221;&#8221; title=&#8221;Y\u0131ll\u0131k Kapasite&#8221; drawing_icon=&#8221;stm-packaging-and-storage&#8221; icon_color=&#8221;#ffffff&#8221;][\/vc_column][vc_column width=&#8221;1\/2&#8243; offset=&#8221;vc_col-lg-3 vc_col-md-3&#8243; css=&#8221;.vc_custom_1449142329000{margin-bottom: 30px !important;}&#8221;][stm_counter counter_value=&#8221;65&#8243; counter_value_pre=&#8221;5 k\u0131ta&#8221; drawing=&#8221;yes&#8221; icon_width=&#8221;70&#8243; icon_width_svg=&#8221;&#8221; icon_size=&#8221;&#8221; title=&#8221;Farkl\u0131 \u00dclkeye \u0130hracat&#8221; drawing_icon=&#8221;stm-clients-worldwide&#8221; icon_color=&#8221;#ffffff&#8221;][\/vc_column][vc_column width=&#8221;1\/2&#8243; offset=&#8221;vc_col-lg-3 vc_col-md-3&#8243; css=&#8221;.vc_custom_1449142343672{margin-bottom: 30px !important;}&#8221;][stm_counter counter_value=&#8221;200000&#8243; counter_value_suf=&#8221;m\u00b2&#8221; icon_width=&#8221;70&#8243; icon_size=&#8221;&#8221; title=&#8221;Kapal\u0131 Alan&#8221; icon_color=&#8221;#ffffff&#8221; icon=&#8221;stm-warehouse&#8221;][\/vc_column][vc_column width=&#8221;1\/2&#8243; offset=&#8221;vc_col-lg-3 vc_col-md-3&#8243; css=&#8221;.vc_custom_1449142350247{margin-bottom: 30px !important;}&#8221;][stm_counter counter_value=&#8221;1300&#8243; drawing=&#8221;yes&#8221; icon_width=&#8221;70&#8243; icon_width_svg=&#8221;&#8221; icon_size=&#8221;&#8221; title=&#8221;Ki\u015fiye \u0130stihdam&#8221; drawing_icon=&#8221;stm-people-in-team&#8221; icon_color=&#8221;#ffffff&#8221;][\/vc_column][\/vc_row]<\/p>\n<\/div>","protected":false},"excerpt":{"rendered":"<p>[vc_row full_width=&#8221;stretch_row_content_no_spaces&#8221; css=&#8221;.vc_custom_1665497085131{margin-bottom: 0px !important;}&#8221;][vc_column css_animation=&#8221;fadeIn&#8221; css=&#8221;.vc_custom_1665496960235{background-position: 0 0 !important;background-repeat: repeat !important;}&#8221;][rev_slider_vc alias=&#8221;main_slider&#8221;][\/vc_column][\/vc_row][vc_row full_width=&#8221;stretch_row&#8221; el_class=&#8221;base_bg_color no_overflow_hidden&#8221; css=&#8221;.vc_custom_1448432556856{margin-bottom: 80px !important;}&#8221;][vc_column width=&#8221;1\/4&#8243; offset=&#8221;vc_hidden-xs&#8221;][stm_rev_slider_nav title=&#8221;Islak ve Kuru Mendil&#8221; icon=&#8221;icomoon-wet&#8221; slide_number=&#8221;1&#8243;][\/vc_column][vc_column width=&#8221;1\/4&#8243; offset=&#8221;vc_hidden-xs&#8221;][stm_rev_slider_nav title=&#8221;BioFlush&#8221; icon=&#8221;icomoon-bio&#8221; slide_number=&#8221;2&#8243;][\/vc_column][vc_column width=&#8221;1\/4&#8243;&#8230;<\/p>\n","protected":false},"author":1,"featured_media":0,"parent":0,"menu_order":0,"comment_status":"closed","ping_status":"open","template":"","meta":{"footnotes":""},"_links":{"self":[{"href":"https:\/\/www.asnonwovens.com.tr\/index.php?rest_route=\/wp\/v2\/pages\/1575"}],"collection":[{"href":"https:\/\/www.asnonwovens.com.tr\/index.php?rest_route=\/wp\/v2\/pages"}],"about":[{"href":"https:\/\/www.asnonwovens.com.tr\/index.php?rest_route=\/wp\/v2\/types\/page"}],"author":[{"embeddable":true,"href":"https:\/\/www.asnonwovens.com.tr\/index.php?rest_route=\/wp\/v2\/users\/1"}],"replies":[{"embeddable":true,"href":"https:\/\/www.asnonwovens.com.tr\/index.php?rest_route=%2Fwp%2Fv2%2Fcomments&post=1575"}],"version-history":[{"count":16,"href":"https:\/\/www.asnonwovens.com.tr\/index.php?rest_route=\/wp\/v2\/pages\/1575\/revisions"}],"predecessor-version":[{"id":2126,"href":"https:\/\/www.asnonwovens.com.tr\/index.php?rest_route=\/wp\/v2\/pages\/1575\/revisions\/2126"}],"wp:attachment":[{"href":"https:\/\/www.asnonwovens.com.tr\/index.php?rest_route=%2Fwp%2Fv2%2Fmedia&parent=1575"}],"curies":[{"name":"wp","href":"https:\/\/api.w.org\/{rel}","templated":true}]}}